{"id":4356,"date":"2023-07-24T15:33:12","date_gmt":"2023-07-24T19:33:12","guid":{"rendered":"https:\/\/kkc.wig.mybluehost.me\/.website_6b8195c3\/about-us\/fully-digital-office\/"},"modified":"2024-02-19T11:38:04","modified_gmt":"2024-02-19T15:38:04","slug":"oficina-totalmente-digital","status":"publish","type":"page","link":"https:\/\/southmiamifamilydental.com\/es\/nosotros\/oficina-totalmente-digital\/","title":{"rendered":"Oficina Totalmente Digital"},"content":{"rendered":"\t\t<div data-elementor-type=\"wp-page\" data-elementor-id=\"4356\" class=\"elementor elementor-4356 elementor-3545\">\n\t\t\t\t\t\t<section class=\"elementor-section elementor-top-section elementor-element elementor-element-80305c1 elementor-section-full_width elementor-section-height-default elementor-section-height-default\" data-id=\"80305c1\" data-element_type=\"section\" data-e-type=\"section\">\r\n\t\t\r\n\t\t\t\t\t\t\t<div class=\"elementor-container elementor-column-gap-no porto-ibanner\">\r\n\t\t\t\t<img fetchpriority=\"high\" decoding=\"async\" src=\"https:\/\/i0.wp.com\/southmiamifamilydental.com\/wp-content\/uploads\/2023\/08\/South-Miami-Family-Dental-27.jpg?fit=1900%2C500&#038;ssl=1\" alt=\"Digital X-Rays - South Miami Family Dental\" width=\"1900\" height=\"500\" class=\"porto-ibanner-img\" srcset=\"https:\/\/i0.wp.com\/southmiamifamilydental.com\/wp-content\/uploads\/2023\/08\/South-Miami-Family-Dental-27.jpg?w=1900&amp;ssl=1 1900w, https:\/\/i0.wp.com\/southmiamifamilydental.com\/wp-content\/uploads\/2023\/08\/South-Miami-Family-Dental-27.jpg?resize=1024%2C269&amp;ssl=1 1024w, https:\/\/i0.wp.com\/southmiamifamilydental.com\/wp-content\/uploads\/2023\/08\/South-Miami-Family-Dental-27.jpg?resize=768%2C202&amp;ssl=1 768w, https:\/\/i0.wp.com\/southmiamifamilydental.com\/wp-content\/uploads\/2023\/08\/South-Miami-Family-Dental-27.jpg?resize=1536%2C404&amp;ssl=1 1536w, https:\/\/i0.wp.com\/southmiamifamilydental.com\/wp-content\/uploads\/2023\/08\/South-Miami-Family-Dental-27.jpg?resize=640%2C168&amp;ssl=1 640w, https:\/\/i0.wp.com\/southmiamifamilydental.com\/wp-content\/uploads\/2023\/08\/South-Miami-Family-Dental-27.jpg?resize=400%2C105&amp;ssl=1 400w\" sizes=\"(max-width: 1140px) 100vw, 1140px\">\t\t\t\t\t\t\t<div class=\"elementor-column elementor-col-100 elementor-top-column elementor-element elementor-element-87ece34\" data-id=\"87ece34\" data-element_type=\"column\" data-e-type=\"column\">\r\n\t\t\t\t\t<div class=\"elementor-widget-wrap\">\r\n\t\t\t\t\t\t\t\t\t<\/div>\r\n\t\t\t\t<\/div>\r\n\t\t\t\t\t<\/div>\r\n\t\t\t\t<\/section>\r\n\t\t\t\t<section class=\"elementor-section elementor-top-section elementor-element elementor-element-4a45aa1 elementor-section-boxed elementor-section-height-default elementor-section-height-default\" data-id=\"4a45aa1\" data-element_type=\"section\" data-e-type=\"section\">\r\n\t\t\r\n\t\t\t\t\t\t\t<div class=\"elementor-container elementor-column-gap-default\">\r\n\t\t\t\t\t\t\t\t\t\t\t<div class=\"elementor-column elementor-col-100 elementor-top-column elementor-element elementor-element-dbdde83\" data-id=\"dbdde83\" data-element_type=\"column\" data-e-type=\"column\">\r\n\t\t\t\t\t<div class=\"elementor-widget-wrap elementor-element-populated\">\r\n\t\t\t\t\t\t\t\t<div class=\"elementor-element elementor-element-36d853a elementor-widget elementor-widget-porto_ultimate_heading\" data-id=\"36d853a\" data-element_type=\"widget\" data-e-type=\"widget\" data-widget_type=\"porto_ultimate_heading.default\">\n\t\t\t\t<div class=\"elementor-widget-container\">\n\t\t\t\t\t<div class=\"porto-u-heading  porto-u-bd11424de395366805213f3c847c9ae4\"><div class=\"porto-u-main-heading\"><h2 data-plugin-animated-letters data-plugin-options=\"{&quot;startDelay&quot;:0,&quot;minWindowWidth&quot;:0,&quot;animationName&quot;:&quot;fadeIn&quot;}\"  >Oficina Totalmente Digital<\/h2><\/div><style>.porto-u-bd11424de395366805213f3c847c9ae4.porto-u-heading{text-align:center}<\/style><\/div>\t\t\t\t<\/div>\n\t\t\t\t<\/div>\n\t\t\t\t<div class=\"elementor-element elementor-element-087dd76 animated-slow elementor-invisible elementor-widget elementor-widget-text-editor\" data-id=\"087dd76\" data-element_type=\"widget\" data-e-type=\"widget\" data-settings=\"{&quot;_animation&quot;:&quot;fadeIn&quot;}\" data-widget_type=\"text-editor.default\">\n\t\t\t\t<div class=\"elementor-widget-container\">\n\t\t\t\t\t\t\t\t\t<p><strong>Radiograf\u00edas Digitales<\/strong><\/p><p style=\"padding-left: 40px;\">Un nivel superior de atenci\u00f3n, menos radiaci\u00f3n e informaci\u00f3n m\u00e1s precisa.<\/p><p><strong>Tomograf\u00eda Computarizada de Haz C\u00f3nico<\/strong><\/p><p style=\"padding-left: 40px;\">Para obtener una imagen tridimensional (3-D) que ayude en el diagn\u00f3stico, la planificaci\u00f3n del tratamiento y la evaluaci\u00f3n de ciertas condiciones.<\/p><p><strong> Motor de Cirug\u00eda de Implantes<\/strong><\/p><p style=\"padding-left: 40px;\">Para una colocaci\u00f3n segura de implantes dentales de forma manual.<\/p><p><strong>Tecnolog\u00eda de Ondas de Radio<\/strong><\/p><p style=\"padding-left: 40px;\">Ofrece mejores resultados que la tecnolog\u00eda l\u00e1ser tradicional en cirug\u00eda de tejidos blandos. Las ondas de radio de alta frecuencia y baja temperatura ofrecen mejores resultados celulares.<\/p><p><strong>Tecnolog\u00eda de Ultrasonido<\/strong><\/p><p style=\"padding-left: 40px;\">Para cortar tejido \u00f3seo minimizando el trauma en los tejidos blandos y maximizando la seguridad del paciente.<\/p><p><strong>Esc\u00e1ner Digital Intraoral<\/strong><\/p><p style=\"padding-left: 40px;\">Mejora la experiencia del paciente y permite un escaneo preciso para restauraciones altamente precisas, eliminando la incomodidad de las impresiones dentales.<\/p><p><strong>Sistema Intra- Spin\u2122 L-PRF<\/strong><\/p><p style=\"padding-left: 40px;\">Asegura una adecuada biocompatibilidad y rendimiento cl\u00ednico para la curaci\u00f3n de tejidos blandos y el crecimiento \u00f3seo mejorado.<\/p><p><strong>Monitor de Signos Vitales<\/strong><\/p><p style=\"padding-left: 40px;\">Observaci\u00f3n de alta calidad del paciente antes, durante y despu\u00e9s de la cirug\u00eda.<\/p>\t\t\t\t\t\t\t\t<\/div>\n\t\t\t\t<\/div>\n\t\t\t\t\t<\/div>\r\n\t\t\t\t<\/div>\r\n\t\t\t\t\t<\/div>\r\n\t\t\t\t<\/section>\r\n\t\t\t\t<\/div>\n\t\t","protected":false},"excerpt":{"rendered":"<p>Oficina Totalmente Digital Radiograf\u00edas Digitales Un nivel superior de atenci\u00f3n, menos radiaci\u00f3n e informaci\u00f3n m\u00e1s precisa. Tomograf\u00eda Computarizada de Haz C\u00f3nico Para obtener una imagen tridimensional (3-D) que ayude en el diagn\u00f3stico, la planificaci\u00f3n del tratamiento y la evaluaci\u00f3n de ciertas condiciones. Motor de Cirug\u00eda de Implantes Para una colocaci\u00f3n segura de implantes dentales de [&hellip;]<\/p>\n","protected":false},"author":1,"featured_media":0,"parent":4353,"menu_order":0,"comment_status":"closed","ping_status":"closed","template":"","meta":{"_acf_changed":false,"nf_dc_page":"","footnotes":""},"class_list":["post-4356","page","type-page","status-publish","hentry"],"acf":[],"yoast_head":"<!-- This site is optimized with the Yoast SEO plugin v27.4 - https:\/\/yoast.com\/product\/yoast-seo-wordpress\/ -->\n<title>Oficina Totalmente Digital - South Miami Family Dental<\/title>\n<meta name=\"description\" content=\"Atenci\u00f3n dental precisa y segura en nuestra oficina totalmente digital en South Miami. \u00a1Mejore su salud bucal ahora!\" \/>\n<meta name=\"robots\" content=\"index, follow, max-snippet:-1, max-image-preview:large, max-video-preview:-1\" \/>\n<link rel=\"canonical\" href=\"https:\/\/southmiamifamilydental.com\/es\/nosotros\/oficina-totalmente-digital\/\" \/>\n<meta property=\"og:locale\" content=\"es_ES\" \/>\n<meta property=\"og:type\" content=\"article\" \/>\n<meta property=\"og:title\" content=\"Oficina Totalmente Digital - South Miami Family Dental\" \/>\n<meta property=\"og:description\" content=\"Atenci\u00f3n dental precisa y segura en nuestra oficina totalmente digital en South Miami. \u00a1Mejore su salud bucal ahora!\" \/>\n<meta property=\"og:url\" content=\"https:\/\/southmiamifamilydental.com\/es\/nosotros\/oficina-totalmente-digital\/\" \/>\n<meta property=\"og:site_name\" content=\"South Miami Family Dental\" \/>\n<meta property=\"article:publisher\" content=\"https:\/\/www.facebook.com\/AlvaroOrdonezDds\/\" \/>\n<meta property=\"article:modified_time\" content=\"2024-02-19T15:38:04+00:00\" \/>\n<meta name=\"twitter:card\" content=\"summary_large_image\" \/>\n<meta name=\"twitter:site\" content=\"@DrOrdonezDDS\" \/>\n<meta name=\"twitter:label1\" content=\"Tiempo de lectura\" \/>\n\t<meta name=\"twitter:data1\" content=\"1 minuto\" \/>\n<script type=\"application\/ld+json\" class=\"yoast-schema-graph\">{\"@context\":\"https:\\\/\\\/schema.org\",\"@graph\":[{\"@type\":\"WebPage\",\"@id\":\"https:\\\/\\\/southmiamifamilydental.com\\\/es\\\/nosotros\\\/oficina-totalmente-digital\\\/\",\"url\":\"https:\\\/\\\/southmiamifamilydental.com\\\/es\\\/nosotros\\\/oficina-totalmente-digital\\\/\",\"name\":\"Oficina Totalmente Digital - South Miami Family Dental\",\"isPartOf\":{\"@id\":\"https:\\\/\\\/southmiamifamilydental.com\\\/es\\\/#website\"},\"datePublished\":\"2023-07-24T19:33:12+00:00\",\"dateModified\":\"2024-02-19T15:38:04+00:00\",\"description\":\"Atenci\u00f3n dental precisa y segura en nuestra oficina totalmente digital en South Miami. \u00a1Mejore su salud bucal ahora!\",\"breadcrumb\":{\"@id\":\"https:\\\/\\\/southmiamifamilydental.com\\\/es\\\/nosotros\\\/oficina-totalmente-digital\\\/#breadcrumb\"},\"inLanguage\":\"es\",\"potentialAction\":[{\"@type\":\"ReadAction\",\"target\":[\"https:\\\/\\\/southmiamifamilydental.com\\\/es\\\/nosotros\\\/oficina-totalmente-digital\\\/\"]}]},{\"@type\":\"BreadcrumbList\",\"@id\":\"https:\\\/\\\/southmiamifamilydental.com\\\/es\\\/nosotros\\\/oficina-totalmente-digital\\\/#breadcrumb\",\"itemListElement\":[{\"@type\":\"ListItem\",\"position\":1,\"name\":\"Home\",\"item\":\"https:\\\/\\\/southmiamifamilydental.com\\\/es\\\/\"},{\"@type\":\"ListItem\",\"position\":2,\"name\":\"Nosotros\",\"item\":\"https:\\\/\\\/southmiamifamilydental.com\\\/es\\\/about-us\\\/\"},{\"@type\":\"ListItem\",\"position\":3,\"name\":\"Oficina Totalmente Digital\"}]},{\"@type\":\"WebSite\",\"@id\":\"https:\\\/\\\/southmiamifamilydental.com\\\/es\\\/#website\",\"url\":\"https:\\\/\\\/southmiamifamilydental.com\\\/es\\\/\",\"name\":\"South Miami Family Dental\",\"description\":\"Dentist in Miami\",\"publisher\":{\"@id\":\"https:\\\/\\\/southmiamifamilydental.com\\\/es\\\/#organization\"},\"potentialAction\":[{\"@type\":\"SearchAction\",\"target\":{\"@type\":\"EntryPoint\",\"urlTemplate\":\"https:\\\/\\\/southmiamifamilydental.com\\\/es\\\/?s={search_term_string}\"},\"query-input\":{\"@type\":\"PropertyValueSpecification\",\"valueRequired\":true,\"valueName\":\"search_term_string\"}}],\"inLanguage\":\"es\"},{\"@type\":\"Organization\",\"@id\":\"https:\\\/\\\/southmiamifamilydental.com\\\/es\\\/#organization\",\"name\":\"South Miami Family Dental\",\"url\":\"https:\\\/\\\/southmiamifamilydental.com\\\/es\\\/\",\"logo\":{\"@type\":\"ImageObject\",\"inLanguage\":\"es\",\"@id\":\"https:\\\/\\\/southmiamifamilydental.com\\\/es\\\/#\\\/schema\\\/logo\\\/image\\\/\",\"url\":\"https:\\\/\\\/southmiamifamilydental.com\\\/wp-content\\\/uploads\\\/2023\\\/07\\\/logo.png\",\"contentUrl\":\"https:\\\/\\\/southmiamifamilydental.com\\\/wp-content\\\/uploads\\\/2023\\\/07\\\/logo.png\",\"width\":180,\"height\":75,\"caption\":\"South Miami Family Dental\"},\"image\":{\"@id\":\"https:\\\/\\\/southmiamifamilydental.com\\\/es\\\/#\\\/schema\\\/logo\\\/image\\\/\"},\"sameAs\":[\"https:\\\/\\\/www.facebook.com\\\/AlvaroOrdonezDds\\\/\",\"https:\\\/\\\/x.com\\\/DrOrdonezDDS\",\"https:\\\/\\\/www.instagram.com\\\/dralvaroordonezdds\\\/\",\"https:\\\/\\\/www.linkedin.com\\\/in\\\/alvaro-ordonez\\\/\"]}]}<\/script>\n<!-- \/ Yoast SEO plugin. -->","yoast_head_json":{"title":"Oficina Totalmente Digital - South Miami Family Dental","description":"Atenci\u00f3n dental precisa y segura en nuestra oficina totalmente digital en South Miami. \u00a1Mejore su salud bucal ahora!","robots":{"index":"index","follow":"follow","max-snippet":"max-snippet:-1","max-image-preview":"max-image-preview:large","max-video-preview":"max-video-preview:-1"},"canonical":"https:\/\/southmiamifamilydental.com\/es\/nosotros\/oficina-totalmente-digital\/","og_locale":"es_ES","og_type":"article","og_title":"Oficina Totalmente Digital - South Miami Family Dental","og_description":"Atenci\u00f3n dental precisa y segura en nuestra oficina totalmente digital en South Miami. \u00a1Mejore su salud bucal ahora!","og_url":"https:\/\/southmiamifamilydental.com\/es\/nosotros\/oficina-totalmente-digital\/","og_site_name":"South Miami Family Dental","article_publisher":"https:\/\/www.facebook.com\/AlvaroOrdonezDds\/","article_modified_time":"2024-02-19T15:38:04+00:00","twitter_card":"summary_large_image","twitter_site":"@DrOrdonezDDS","twitter_misc":{"Tiempo de lectura":"1 minuto"},"schema":{"@context":"https:\/\/schema.org","@graph":[{"@type":"WebPage","@id":"https:\/\/southmiamifamilydental.com\/es\/nosotros\/oficina-totalmente-digital\/","url":"https:\/\/southmiamifamilydental.com\/es\/nosotros\/oficina-totalmente-digital\/","name":"Oficina Totalmente Digital - South Miami Family Dental","isPartOf":{"@id":"https:\/\/southmiamifamilydental.com\/es\/#website"},"datePublished":"2023-07-24T19:33:12+00:00","dateModified":"2024-02-19T15:38:04+00:00","description":"Atenci\u00f3n dental precisa y segura en nuestra oficina totalmente digital en South Miami. \u00a1Mejore su salud bucal ahora!","breadcrumb":{"@id":"https:\/\/southmiamifamilydental.com\/es\/nosotros\/oficina-totalmente-digital\/#breadcrumb"},"inLanguage":"es","potentialAction":[{"@type":"ReadAction","target":["https:\/\/southmiamifamilydental.com\/es\/nosotros\/oficina-totalmente-digital\/"]}]},{"@type":"BreadcrumbList","@id":"https:\/\/southmiamifamilydental.com\/es\/nosotros\/oficina-totalmente-digital\/#breadcrumb","itemListElement":[{"@type":"ListItem","position":1,"name":"Home","item":"https:\/\/southmiamifamilydental.com\/es\/"},{"@type":"ListItem","position":2,"name":"Nosotros","item":"https:\/\/southmiamifamilydental.com\/es\/about-us\/"},{"@type":"ListItem","position":3,"name":"Oficina Totalmente Digital"}]},{"@type":"WebSite","@id":"https:\/\/southmiamifamilydental.com\/es\/#website","url":"https:\/\/southmiamifamilydental.com\/es\/","name":"South Miami Family Dental","description":"Dentist in Miami","publisher":{"@id":"https:\/\/southmiamifamilydental.com\/es\/#organization"},"potentialAction":[{"@type":"SearchAction","target":{"@type":"EntryPoint","urlTemplate":"https:\/\/southmiamifamilydental.com\/es\/?s={search_term_string}"},"query-input":{"@type":"PropertyValueSpecification","valueRequired":true,"valueName":"search_term_string"}}],"inLanguage":"es"},{"@type":"Organization","@id":"https:\/\/southmiamifamilydental.com\/es\/#organization","name":"South Miami Family Dental","url":"https:\/\/southmiamifamilydental.com\/es\/","logo":{"@type":"ImageObject","inLanguage":"es","@id":"https:\/\/southmiamifamilydental.com\/es\/#\/schema\/logo\/image\/","url":"https:\/\/southmiamifamilydental.com\/wp-content\/uploads\/2023\/07\/logo.png","contentUrl":"https:\/\/southmiamifamilydental.com\/wp-content\/uploads\/2023\/07\/logo.png","width":180,"height":75,"caption":"South Miami Family Dental"},"image":{"@id":"https:\/\/southmiamifamilydental.com\/es\/#\/schema\/logo\/image\/"},"sameAs":["https:\/\/www.facebook.com\/AlvaroOrdonezDds\/","https:\/\/x.com\/DrOrdonezDDS","https:\/\/www.instagram.com\/dralvaroordonezdds\/","https:\/\/www.linkedin.com\/in\/alvaro-ordonez\/"]}]}},"jetpack_sharing_enabled":true,"_links":{"self":[{"href":"https:\/\/southmiamifamilydental.com\/es\/wp-json\/wp\/v2\/pages\/4356","targetHints":{"allow":["GET"]}}],"collection":[{"href":"https:\/\/southmiamifamilydental.com\/es\/wp-json\/wp\/v2\/pages"}],"about":[{"href":"https:\/\/southmiamifamilydental.com\/es\/wp-json\/wp\/v2\/types\/page"}],"author":[{"embeddable":true,"href":"https:\/\/southmiamifamilydental.com\/es\/wp-json\/wp\/v2\/users\/1"}],"replies":[{"embeddable":true,"href":"https:\/\/southmiamifamilydental.com\/es\/wp-json\/wp\/v2\/comments?post=4356"}],"version-history":[{"count":5,"href":"https:\/\/southmiamifamilydental.com\/es\/wp-json\/wp\/v2\/pages\/4356\/revisions"}],"predecessor-version":[{"id":5694,"href":"https:\/\/southmiamifamilydental.com\/es\/wp-json\/wp\/v2\/pages\/4356\/revisions\/5694"}],"up":[{"embeddable":true,"href":"https:\/\/southmiamifamilydental.com\/es\/wp-json\/wp\/v2\/pages\/4353"}],"wp:attachment":[{"href":"https:\/\/southmiamifamilydental.com\/es\/wp-json\/wp\/v2\/media?parent=4356"}],"curies":[{"name":"wp","href":"https:\/\/api.w.org\/{rel}","templated":true}]}}