{"id":4361,"date":"2023-07-24T19:48:13","date_gmt":"2023-07-24T23:48:13","guid":{"rendered":"https:\/\/kkc.wig.mybluehost.me\/.website_6b8195c3\/affordability\/"},"modified":"2024-02-19T11:14:04","modified_gmt":"2024-02-19T15:14:04","slug":"asequibilidad","status":"publish","type":"page","link":"https:\/\/southmiamifamilydental.com\/es\/asequibilidad\/","title":{"rendered":"Asequibilidad"},"content":{"rendered":"\t\t<div data-elementor-type=\"wp-page\" data-elementor-id=\"4361\" class=\"elementor elementor-4361 elementor-3635\">\n\t\t\t\t\t\t<section class=\"elementor-section elementor-top-section elementor-element elementor-element-2b7a9f9 elementor-section-full_width elementor-section-height-default elementor-section-height-default\" data-id=\"2b7a9f9\" data-element_type=\"section\" data-e-type=\"section\">\r\n\t\t\r\n\t\t\t\t\t\t\t<div class=\"elementor-container elementor-column-gap-no porto-ibanner\">\r\n\t\t\t\t<img fetchpriority=\"high\" decoding=\"async\" src=\"https:\/\/i0.wp.com\/southmiamifamilydental.com\/wp-content\/uploads\/2023\/08\/South-Miami-Family-Dental-28.jpg?fit=1900%2C500&#038;ssl=1\" alt=\"South Miami Family Dental\" width=\"1900\" height=\"500\" class=\"porto-ibanner-img\" srcset=\"https:\/\/i0.wp.com\/southmiamifamilydental.com\/wp-content\/uploads\/2023\/08\/South-Miami-Family-Dental-28.jpg?w=1900&amp;ssl=1 1900w, https:\/\/i0.wp.com\/southmiamifamilydental.com\/wp-content\/uploads\/2023\/08\/South-Miami-Family-Dental-28.jpg?resize=1024%2C269&amp;ssl=1 1024w, https:\/\/i0.wp.com\/southmiamifamilydental.com\/wp-content\/uploads\/2023\/08\/South-Miami-Family-Dental-28.jpg?resize=768%2C202&amp;ssl=1 768w, https:\/\/i0.wp.com\/southmiamifamilydental.com\/wp-content\/uploads\/2023\/08\/South-Miami-Family-Dental-28.jpg?resize=1536%2C404&amp;ssl=1 1536w, https:\/\/i0.wp.com\/southmiamifamilydental.com\/wp-content\/uploads\/2023\/08\/South-Miami-Family-Dental-28.jpg?resize=640%2C168&amp;ssl=1 640w, https:\/\/i0.wp.com\/southmiamifamilydental.com\/wp-content\/uploads\/2023\/08\/South-Miami-Family-Dental-28.jpg?resize=400%2C105&amp;ssl=1 400w\" sizes=\"(max-width: 1140px) 100vw, 1140px\">\t\t\t\t\t\t\t<div class=\"elementor-column elementor-col-100 elementor-top-column elementor-element elementor-element-d86c620\" data-id=\"d86c620\" data-element_type=\"column\" data-e-type=\"column\">\r\n\t\t\t\t\t<div class=\"elementor-widget-wrap\">\r\n\t\t\t\t\t\t\t\t\t<\/div>\r\n\t\t\t\t<\/div>\r\n\t\t\t\t\t<\/div>\r\n\t\t\t\t<\/section>\r\n\t\t\t\t<section class=\"elementor-section elementor-top-section elementor-element elementor-element-4c6c155 elementor-section-boxed elementor-section-height-default elementor-section-height-default\" data-id=\"4c6c155\" data-element_type=\"section\" data-e-type=\"section\">\r\n\t\t\r\n\t\t\t\t\t\t\t<div class=\"elementor-container elementor-column-gap-default\">\r\n\t\t\t\t\t\t\t\t\t\t\t<div class=\"elementor-column elementor-col-100 elementor-top-column elementor-element elementor-element-ccc3aa0\" data-id=\"ccc3aa0\" data-element_type=\"column\" data-e-type=\"column\">\r\n\t\t\t\t\t<div class=\"elementor-widget-wrap elementor-element-populated\">\r\n\t\t\t\t\t\t\t\t<div class=\"elementor-element elementor-element-e52ffd2 elementor-widget elementor-widget-porto_ultimate_heading\" data-id=\"e52ffd2\" data-element_type=\"widget\" data-e-type=\"widget\" data-widget_type=\"porto_ultimate_heading.default\">\n\t\t\t\t<div class=\"elementor-widget-container\">\n\t\t\t\t\t<div class=\"porto-u-heading  porto-u-bd11424de395366805213f3c847c9ae4\"><div class=\"porto-u-main-heading\"><h2 data-plugin-animated-letters data-plugin-options=\"{&quot;startDelay&quot;:0,&quot;minWindowWidth&quot;:0,&quot;animationName&quot;:&quot;fadeIn&quot;}\"  >Asequibilidad<\/h2><\/div><style>.porto-u-bd11424de395366805213f3c847c9ae4.porto-u-heading{text-align:center}<\/style><\/div>\t\t\t\t<\/div>\n\t\t\t\t<\/div>\n\t\t\t\t<div class=\"elementor-element elementor-element-7c2d8b2 animated-slow elementor-invisible elementor-widget elementor-widget-text-editor\" data-id=\"7c2d8b2\" data-element_type=\"widget\" data-e-type=\"widget\" data-settings=\"{&quot;_animation&quot;:&quot;fadeIn&quot;}\" data-widget_type=\"text-editor.default\">\n\t\t\t\t<div class=\"elementor-widget-container\">\n\t\t\t\t\t\t\t\t\t<p>Nuestro objetivo principal gira en torno a garantizar que toda su familia reciba servicios dentales de primera categor\u00eda sin la carga de costos exorbitantes.<\/p><p>Entendemos que para muchas personas, las visitas dentales regulares pueden representar desaf\u00edos financieros. Para superar este obst\u00e1culo, nuestra pr\u00e1ctica se dedica a ofrecer atenci\u00f3n dental asequible y de alta calidad a todos nuestros pacientes, asegurando que cada sonrisa permanezca vibrante y saludable. Para hacer esto posible, hemos dise\u00f1ado varios programas de financiamiento y regularmente presentamos ofertas especiales a lo largo del a\u00f1o, facilitando el acceso a servicios dentales asequibles para todos. Nos enorgullece nuestro compromiso de hacer que la atenci\u00f3n dental sea asequible sin comprometer la calidad.<\/p><p><strong>Haciendo que los Costos Dentales Sean Gestionables para Cada Presupuesto.<\/strong><\/p><p>Nuestros arreglos de financiamiento flexibles est\u00e1n dise\u00f1ados para adaptarse a varios presupuestos, permiti\u00e9ndole gestionar los costos dentales de manera m\u00e1s c\u00f3moda. Ofrecemos una variedad de planes de pago dental, dividiendo los gastos a lo largo de varios meses. Tenga la seguridad de que encontrar\u00e1 un dentista con planes de pago convenientes aqu\u00ed mismo en nuestra pr\u00e1ctica. Para explorar estas opciones m\u00e1s a fondo y programar una visita con nuestro dentista asequible, le animamos a que se comunique con nuestra oficina hoy.<\/p><p>Adem\u00e1s, aceptamos con gusto la mayor\u00eda de los planes de seguro dental, incluidas las opciones de seguro dental de bajo costo m\u00e1s recientes. Estos planes ofrecen primas m\u00e1s amigables para el presupuesto, haciendo que el seguro dental sea accesible para un grupo m\u00e1s amplio de personas. Si bien cada plan puede tener copagos, deducibles y l\u00edmites de cobertura variables, nuestro equipo puede ayudarle a comprender los beneficios espec\u00edficos y las restricciones asociadas con su seguro. Para obtener m\u00e1s informaci\u00f3n sobre el seguro dental econ\u00f3mico, no dude en ponerse en contacto con nosotros.<\/p><p><strong>Ahorro Importante en Servicios Dentales a lo Largo del A\u00f1o.<\/strong><\/p><p>Adem\u00e1s de nuestros servicios ya asequibles, introducimos con frecuencia ofertas especiales y promociones de ahorro en varios tratamientos a lo largo del a\u00f1o. Ya sea ofertas especiales de limpieza dental, descuentos para pacientes no asegurados, ahorros en servicios no cubiertos por el seguro o ofertas exclusivas para nuevos pacientes, tenemos algo para todos. Mant\u00e9ngase conectado con nuestro personal para estar informado sobre estas emocionantes ofertas y promociones.<\/p><p>En conclusi\u00f3n, nuestra misi\u00f3n permanece firme en proporcionar atenci\u00f3n dental de primera categor\u00eda que sea asequible para toda la familia. Estamos dedicados a garantizar que cada paciente pueda mantener una excelente salud oral sin barreras financieras. Comun\u00edquese con nuestra oficina hoy para obtener m\u00e1s informaci\u00f3n sobre nuestras opciones flexibles de financiamiento, planes de seguro aceptados y ofertas especiales actuales. Su sonrisa merece la mejor atenci\u00f3n, y estamos aqu\u00ed para hacerlo posible sin afectar su presupuesto.<\/p>\t\t\t\t\t\t\t\t<\/div>\n\t\t\t\t<\/div>\n\t\t\t\t\t<\/div>\r\n\t\t\t\t<\/div>\r\n\t\t\t\t\t<\/div>\r\n\t\t\t\t<\/section>\r\n\t\t\t\t<section class=\"elementor-section elementor-top-section elementor-element elementor-element-d7b93a8 elementor-section-boxed elementor-section-height-default elementor-section-height-default\" data-id=\"d7b93a8\" data-element_type=\"section\" data-e-type=\"section\">\r\n\t\t\r\n\t\t\t\t\t\t\t<div class=\"elementor-container elementor-column-gap-default\">\r\n\t\t\t\t\t\t\t\t\t\t\t<div class=\"elementor-column elementor-col-100 elementor-top-column elementor-element elementor-element-1206f25\" data-id=\"1206f25\" data-element_type=\"column\" data-e-type=\"column\">\r\n\t\t\t\t\t<div class=\"elementor-widget-wrap elementor-element-populated\">\r\n\t\t\t\t\t\t\t\t<div class=\"elementor-element elementor-element-458ca84 elementor-widget elementor-widget-spacer\" data-id=\"458ca84\" data-element_type=\"widget\" data-e-type=\"widget\" data-widget_type=\"spacer.default\">\n\t\t\t\t<div class=\"elementor-widget-container\">\n\t\t\t\t\t\t\t<div class=\"elementor-spacer\">\n\t\t\t<div class=\"elementor-spacer-inner\"><\/div>\n\t\t<\/div>\n\t\t\t\t\t\t<\/div>\n\t\t\t\t<\/div>\n\t\t\t\t\t<\/div>\r\n\t\t\t\t<\/div>\r\n\t\t\t\t\t<\/div>\r\n\t\t\t\t<\/section>\r\n\t\t\t\t<\/div>\n\t\t","protected":false},"excerpt":{"rendered":"<p>Asequibilidad Nuestro objetivo principal gira en torno a garantizar que toda su familia reciba servicios dentales de primera categor\u00eda sin la carga de costos exorbitantes. Entendemos que para muchas personas, las visitas dentales regulares pueden representar desaf\u00edos financieros. Para superar este obst\u00e1culo, nuestra pr\u00e1ctica se dedica a ofrecer atenci\u00f3n dental asequible y de alta calidad [&hellip;]<\/p>\n","protected":false},"author":1,"featured_media":0,"parent":0,"menu_order":0,"comment_status":"closed","ping_status":"closed","template":"","meta":{"_acf_changed":false,"nf_dc_page":"","footnotes":""},"class_list":["post-4361","page","type-page","status-publish","hentry"],"acf":[],"yoast_head":"<!-- This site is optimized with the Yoast SEO plugin v27.4 - https:\/\/yoast.com\/product\/yoast-seo-wordpress\/ -->\n<title>Asequibilidad - South Miami Family Dental<\/title>\n<meta name=\"description\" content=\"Atenci\u00f3n dental asequible para toda la familia. financiamiento, seguros y ofertas especiales disponibles. \u00a1Sonrisas saludables sin barreras financieras!\" \/>\n<meta name=\"robots\" content=\"index, follow, max-snippet:-1, max-image-preview:large, max-video-preview:-1\" \/>\n<link rel=\"canonical\" href=\"https:\/\/southmiamifamilydental.com\/es\/asequibilidad\/\" \/>\n<meta property=\"og:locale\" content=\"es_ES\" \/>\n<meta property=\"og:type\" content=\"article\" \/>\n<meta property=\"og:title\" content=\"Asequibilidad - South Miami Family Dental\" \/>\n<meta property=\"og:description\" content=\"Atenci\u00f3n dental asequible para toda la familia. financiamiento, seguros y ofertas especiales disponibles. \u00a1Sonrisas saludables sin barreras financieras!\" \/>\n<meta property=\"og:url\" content=\"https:\/\/southmiamifamilydental.com\/es\/asequibilidad\/\" \/>\n<meta property=\"og:site_name\" content=\"South Miami Family Dental\" \/>\n<meta property=\"article:publisher\" content=\"https:\/\/www.facebook.com\/AlvaroOrdonezDds\/\" \/>\n<meta property=\"article:modified_time\" content=\"2024-02-19T15:14:04+00:00\" \/>\n<meta name=\"twitter:card\" content=\"summary_large_image\" \/>\n<meta name=\"twitter:site\" content=\"@DrOrdonezDDS\" \/>\n<meta name=\"twitter:label1\" content=\"Tiempo de lectura\" \/>\n\t<meta name=\"twitter:data1\" content=\"2 minutos\" \/>\n<script type=\"application\/ld+json\" class=\"yoast-schema-graph\">{\"@context\":\"https:\\\/\\\/schema.org\",\"@graph\":[{\"@type\":\"WebPage\",\"@id\":\"https:\\\/\\\/southmiamifamilydental.com\\\/es\\\/asequibilidad\\\/\",\"url\":\"https:\\\/\\\/southmiamifamilydental.com\\\/es\\\/asequibilidad\\\/\",\"name\":\"Asequibilidad - South Miami Family Dental\",\"isPartOf\":{\"@id\":\"https:\\\/\\\/southmiamifamilydental.com\\\/es\\\/#website\"},\"datePublished\":\"2023-07-24T23:48:13+00:00\",\"dateModified\":\"2024-02-19T15:14:04+00:00\",\"description\":\"Atenci\u00f3n dental asequible para toda la familia. financiamiento, seguros y ofertas especiales disponibles. \u00a1Sonrisas saludables sin barreras financieras!\",\"breadcrumb\":{\"@id\":\"https:\\\/\\\/southmiamifamilydental.com\\\/es\\\/asequibilidad\\\/#breadcrumb\"},\"inLanguage\":\"es\",\"potentialAction\":[{\"@type\":\"ReadAction\",\"target\":[\"https:\\\/\\\/southmiamifamilydental.com\\\/es\\\/asequibilidad\\\/\"]}]},{\"@type\":\"BreadcrumbList\",\"@id\":\"https:\\\/\\\/southmiamifamilydental.com\\\/es\\\/asequibilidad\\\/#breadcrumb\",\"itemListElement\":[{\"@type\":\"ListItem\",\"position\":1,\"name\":\"Home\",\"item\":\"https:\\\/\\\/southmiamifamilydental.com\\\/es\\\/\"},{\"@type\":\"ListItem\",\"position\":2,\"name\":\"Asequibilidad\"}]},{\"@type\":\"WebSite\",\"@id\":\"https:\\\/\\\/southmiamifamilydental.com\\\/es\\\/#website\",\"url\":\"https:\\\/\\\/southmiamifamilydental.com\\\/es\\\/\",\"name\":\"South Miami Family Dental\",\"description\":\"Dentist in Miami\",\"publisher\":{\"@id\":\"https:\\\/\\\/southmiamifamilydental.com\\\/es\\\/#organization\"},\"potentialAction\":[{\"@type\":\"SearchAction\",\"target\":{\"@type\":\"EntryPoint\",\"urlTemplate\":\"https:\\\/\\\/southmiamifamilydental.com\\\/es\\\/?s={search_term_string}\"},\"query-input\":{\"@type\":\"PropertyValueSpecification\",\"valueRequired\":true,\"valueName\":\"search_term_string\"}}],\"inLanguage\":\"es\"},{\"@type\":\"Organization\",\"@id\":\"https:\\\/\\\/southmiamifamilydental.com\\\/es\\\/#organization\",\"name\":\"South Miami Family Dental\",\"url\":\"https:\\\/\\\/southmiamifamilydental.com\\\/es\\\/\",\"logo\":{\"@type\":\"ImageObject\",\"inLanguage\":\"es\",\"@id\":\"https:\\\/\\\/southmiamifamilydental.com\\\/es\\\/#\\\/schema\\\/logo\\\/image\\\/\",\"url\":\"https:\\\/\\\/southmiamifamilydental.com\\\/wp-content\\\/uploads\\\/2023\\\/07\\\/logo.png\",\"contentUrl\":\"https:\\\/\\\/southmiamifamilydental.com\\\/wp-content\\\/uploads\\\/2023\\\/07\\\/logo.png\",\"width\":180,\"height\":75,\"caption\":\"South Miami Family Dental\"},\"image\":{\"@id\":\"https:\\\/\\\/southmiamifamilydental.com\\\/es\\\/#\\\/schema\\\/logo\\\/image\\\/\"},\"sameAs\":[\"https:\\\/\\\/www.facebook.com\\\/AlvaroOrdonezDds\\\/\",\"https:\\\/\\\/x.com\\\/DrOrdonezDDS\",\"https:\\\/\\\/www.instagram.com\\\/dralvaroordonezdds\\\/\",\"https:\\\/\\\/www.linkedin.com\\\/in\\\/alvaro-ordonez\\\/\"]}]}<\/script>\n<!-- \/ Yoast SEO plugin. -->","yoast_head_json":{"title":"Asequibilidad - South Miami Family Dental","description":"Atenci\u00f3n dental asequible para toda la familia. financiamiento, seguros y ofertas especiales disponibles. \u00a1Sonrisas saludables sin barreras financieras!","robots":{"index":"index","follow":"follow","max-snippet":"max-snippet:-1","max-image-preview":"max-image-preview:large","max-video-preview":"max-video-preview:-1"},"canonical":"https:\/\/southmiamifamilydental.com\/es\/asequibilidad\/","og_locale":"es_ES","og_type":"article","og_title":"Asequibilidad - South Miami Family Dental","og_description":"Atenci\u00f3n dental asequible para toda la familia. financiamiento, seguros y ofertas especiales disponibles. \u00a1Sonrisas saludables sin barreras financieras!","og_url":"https:\/\/southmiamifamilydental.com\/es\/asequibilidad\/","og_site_name":"South Miami Family Dental","article_publisher":"https:\/\/www.facebook.com\/AlvaroOrdonezDds\/","article_modified_time":"2024-02-19T15:14:04+00:00","twitter_card":"summary_large_image","twitter_site":"@DrOrdonezDDS","twitter_misc":{"Tiempo de lectura":"2 minutos"},"schema":{"@context":"https:\/\/schema.org","@graph":[{"@type":"WebPage","@id":"https:\/\/southmiamifamilydental.com\/es\/asequibilidad\/","url":"https:\/\/southmiamifamilydental.com\/es\/asequibilidad\/","name":"Asequibilidad - South Miami Family Dental","isPartOf":{"@id":"https:\/\/southmiamifamilydental.com\/es\/#website"},"datePublished":"2023-07-24T23:48:13+00:00","dateModified":"2024-02-19T15:14:04+00:00","description":"Atenci\u00f3n dental asequible para toda la familia. financiamiento, seguros y ofertas especiales disponibles. \u00a1Sonrisas saludables sin barreras financieras!","breadcrumb":{"@id":"https:\/\/southmiamifamilydental.com\/es\/asequibilidad\/#breadcrumb"},"inLanguage":"es","potentialAction":[{"@type":"ReadAction","target":["https:\/\/southmiamifamilydental.com\/es\/asequibilidad\/"]}]},{"@type":"BreadcrumbList","@id":"https:\/\/southmiamifamilydental.com\/es\/asequibilidad\/#breadcrumb","itemListElement":[{"@type":"ListItem","position":1,"name":"Home","item":"https:\/\/southmiamifamilydental.com\/es\/"},{"@type":"ListItem","position":2,"name":"Asequibilidad"}]},{"@type":"WebSite","@id":"https:\/\/southmiamifamilydental.com\/es\/#website","url":"https:\/\/southmiamifamilydental.com\/es\/","name":"South Miami Family Dental","description":"Dentist in Miami","publisher":{"@id":"https:\/\/southmiamifamilydental.com\/es\/#organization"},"potentialAction":[{"@type":"SearchAction","target":{"@type":"EntryPoint","urlTemplate":"https:\/\/southmiamifamilydental.com\/es\/?s={search_term_string}"},"query-input":{"@type":"PropertyValueSpecification","valueRequired":true,"valueName":"search_term_string"}}],"inLanguage":"es"},{"@type":"Organization","@id":"https:\/\/southmiamifamilydental.com\/es\/#organization","name":"South Miami Family Dental","url":"https:\/\/southmiamifamilydental.com\/es\/","logo":{"@type":"ImageObject","inLanguage":"es","@id":"https:\/\/southmiamifamilydental.com\/es\/#\/schema\/logo\/image\/","url":"https:\/\/southmiamifamilydental.com\/wp-content\/uploads\/2023\/07\/logo.png","contentUrl":"https:\/\/southmiamifamilydental.com\/wp-content\/uploads\/2023\/07\/logo.png","width":180,"height":75,"caption":"South Miami Family Dental"},"image":{"@id":"https:\/\/southmiamifamilydental.com\/es\/#\/schema\/logo\/image\/"},"sameAs":["https:\/\/www.facebook.com\/AlvaroOrdonezDds\/","https:\/\/x.com\/DrOrdonezDDS","https:\/\/www.instagram.com\/dralvaroordonezdds\/","https:\/\/www.linkedin.com\/in\/alvaro-ordonez\/"]}]}},"jetpack_sharing_enabled":true,"_links":{"self":[{"href":"https:\/\/southmiamifamilydental.com\/es\/wp-json\/wp\/v2\/pages\/4361","targetHints":{"allow":["GET"]}}],"collection":[{"href":"https:\/\/southmiamifamilydental.com\/es\/wp-json\/wp\/v2\/pages"}],"about":[{"href":"https:\/\/southmiamifamilydental.com\/es\/wp-json\/wp\/v2\/types\/page"}],"author":[{"embeddable":true,"href":"https:\/\/southmiamifamilydental.com\/es\/wp-json\/wp\/v2\/users\/1"}],"replies":[{"embeddable":true,"href":"https:\/\/southmiamifamilydental.com\/es\/wp-json\/wp\/v2\/comments?post=4361"}],"version-history":[{"count":10,"href":"https:\/\/southmiamifamilydental.com\/es\/wp-json\/wp\/v2\/pages\/4361\/revisions"}],"predecessor-version":[{"id":5248,"href":"https:\/\/southmiamifamilydental.com\/es\/wp-json\/wp\/v2\/pages\/4361\/revisions\/5248"}],"wp:attachment":[{"href":"https:\/\/southmiamifamilydental.com\/es\/wp-json\/wp\/v2\/media?parent=4361"}],"curies":[{"name":"wp","href":"https:\/\/api.w.org\/{rel}","templated":true}]}}