{"id":5115,"date":"2023-10-26T10:30:38","date_gmt":"2023-10-26T14:30:38","guid":{"rendered":"https:\/\/southmiamifamilydental.com\/alvaro-ordonez-dds\/"},"modified":"2024-02-19T11:39:40","modified_gmt":"2024-02-19T15:39:40","slug":"alvaro-ordonez-dds","status":"publish","type":"page","link":"https:\/\/southmiamifamilydental.com\/es\/alvaro-ordonez-dds\/","title":{"rendered":"Alvaro Ordonez, DDS"},"content":{"rendered":"\t\t<div data-elementor-type=\"wp-page\" data-elementor-id=\"5115\" class=\"elementor elementor-5115 elementor-5103\">\n\t\t\t\t\t\t<div class=\"elementor-section elementor-top-section elementor-element elementor-element-bde94f3 m-t-xlg elementor-section-boxed elementor-section-height-default elementor-section-height-default\" data-id=\"bde94f3\" data-element_type=\"section\" data-e-type=\"section\">\r\n\t\t\r\n\t\t\t\t\t\t\t<div class=\"elementor-container elementor-column-gap-default\">\r\n\t\t\t\t\t\t\t\t\t\t\t<div class=\"elementor-column elementor-col-50 elementor-top-column elementor-element elementor-element-d469930 m-b-lg\" data-id=\"d469930\" data-element_type=\"column\" data-e-type=\"column\">\r\n\t\t\t\t\t<div class=\"elementor-widget-wrap elementor-element-populated\">\r\n\t\t\t\t\t\t\t\t<div class=\"elementor-element elementor-element-968cd02 elementor-widget elementor-widget-porto_ultimate_heading\" data-id=\"968cd02\" data-element_type=\"widget\" data-e-type=\"widget\" data-widget_type=\"porto_ultimate_heading.default\">\n\t\t\t\t<div class=\"elementor-widget-container\">\n\t\t\t\t\t<div class=\"porto-u-heading  porto-u-7cde7bb859728a21207628191890e260\"><div class=\"porto-u-main-heading\"><h2   >Alvaro Ordonez, DDS<\/h2><\/div><div class=\"porto-u-sub-heading\" style=\"\"><p>TMJ treatment and Dental Implants Specialist<\/p><\/div><style>.porto-u-7cde7bb859728a21207628191890e260.porto-u-heading{text-align:left}<\/style><\/div>\t\t\t\t<\/div>\n\t\t\t\t<\/div>\n\t\t\t\t<div class=\"elementor-element elementor-element-7fd5d29 elementor-widget elementor-widget-text-editor\" data-id=\"7fd5d29\" data-element_type=\"widget\" data-e-type=\"widget\" data-widget_type=\"text-editor.default\">\n\t\t\t\t<div class=\"elementor-widget-container\">\n\t\t\t\t\t\t\t\t\t<p>Es raro encontrar a una persona verdaderamente apasionada que sobresalga en su profesi\u00f3n. El Dr. Ordo\u00f1ez no solo ha dedicado su vida y trabajo a brindar atenci\u00f3n dental de calidad a sus pacientes, sino que tambi\u00e9n ha servido como ejemplo de compasi\u00f3n, cuidado y pr\u00e1cticas \u00e9ticas. Con m\u00e1s de 30 a\u00f1os de experiencia en su campo, el Dr. Ordo\u00f1ez ha acumulado m\u00e1s de 5,000 horas de educaci\u00f3n continua. Ha realizado m\u00e1s de 6,000 implantes exitosos y ha obtenido reconocimiento internacional como uno de los cirujanos dentales m\u00e1s prominentes del mundo. A trav\u00e9s de su constante impulso por la investigaci\u00f3n y la innovaci\u00f3n, el Dr. Ordo\u00f1ez se ha convertido en un ponente clave en Conferencias Internacionales en m\u00e1s de 40 pa\u00edses. Posee marcas y certificaciones importantes en el campo que refuerzan su dedicaci\u00f3n y determinaci\u00f3n inquebrantables para lograr los m\u00e1s altos est\u00e1ndares en la Industria del Cuidado Dental.<\/p>\t\t\t\t\t\t\t\t<\/div>\n\t\t\t\t<\/div>\n\t\t\t\t<div class=\"elementor-element elementor-element-6132fe3 mr-auto elementor-widget__width-auto elementor-widget elementor-widget-porto_button\" data-id=\"6132fe3\" data-element_type=\"widget\" data-e-type=\"widget\" data-widget_type=\"porto_button.default\">\n\t\t\t\t<div class=\"elementor-widget-container\">\n\t\t\t\t\t<a aria-label=\"button\" class=\"btn btn-md btn-dark\" href=\"https:\/\/southmiamifamilydental.com\/es\/contacto\/\"><span >Cont\u00e1ctanos<\/span><\/a>\t\t\t\t<\/div>\n\t\t\t\t<\/div>\n\t\t\t\t<div class=\"elementor-element elementor-element-4164788 elementor-widget-divider--view-line elementor-widget elementor-widget-divider\" data-id=\"4164788\" data-element_type=\"widget\" data-e-type=\"widget\" data-widget_type=\"divider.default\">\n\t\t\t\t<div class=\"elementor-widget-container\">\n\t\t\t\t\t\t\t<div class=\"elementor-divider\">\n\t\t\t<span class=\"elementor-divider-separator\">\n\t\t\t\t\t\t<\/span>\n\t\t<\/div>\n\t\t\t\t\t\t<\/div>\n\t\t\t\t<\/div>\n\t\t\t\t\t<\/div>\r\n\t\t\t\t<\/div>\r\n\t\t\t\t<div class=\"elementor-column elementor-col-50 elementor-top-column elementor-element elementor-element-89292b2 m-b-lg\" data-id=\"89292b2\" data-element_type=\"column\" data-e-type=\"column\">\r\n\t\t\t\t\t<div class=\"elementor-widget-wrap elementor-element-populated\">\r\n\t\t\t\t\t\t\t\t<div class=\"elementor-element elementor-element-dfa2a64 elementor-widget elementor-widget-image\" data-id=\"dfa2a64\" data-element_type=\"widget\" data-e-type=\"widget\" data-widget_type=\"image.default\">\n\t\t\t\t<div class=\"elementor-widget-container\">\n\t\t\t\t\t\t\t\t\t\t\t\t\t\t\t<img fetchpriority=\"high\" decoding=\"async\" width=\"275\" height=\"275\" src=\"https:\/\/i0.wp.com\/southmiamifamilydental.com\/wp-content\/uploads\/2023\/10\/Alvaro-Ordonez.jpg?fit=275%2C275&amp;ssl=1\" class=\"attachment-full size-full wp-image-5088\" alt=\"Alvaro-Ordonez\" \/>\t\t\t\t\t\t\t\t\t\t\t\t\t\t\t<\/div>\n\t\t\t\t<\/div>\n\t\t\t\t<div class=\"elementor-section elementor-inner-section elementor-element elementor-element-eff97d1 elementor-section-content-middle elementor-section-boxed elementor-section-height-default elementor-section-height-default\" data-id=\"eff97d1\" data-element_type=\"section\" data-e-type=\"section\">\r\n\t\t\r\n\t\t\t\t\t\t\t<div class=\"elementor-container elementor-column-gap-default\">\r\n\t\t\t\t\t\t\t\t\t\t\t<div class=\"elementor-column elementor-col-100 elementor-inner-column elementor-element elementor-element-200507a\" data-id=\"200507a\" data-element_type=\"column\" data-e-type=\"column\">\r\n\t\t\t\t\t<div class=\"elementor-widget-wrap elementor-element-populated\">\r\n\t\t\t\t\t\t\t\t<div class=\"elementor-element elementor-element-cbd6071 m-r-md elementor-widget__width-auto elementor-widget elementor-widget-heading\" data-id=\"cbd6071\" data-element_type=\"widget\" data-e-type=\"widget\" data-widget_type=\"heading.default\">\n\t\t\t\t<div class=\"elementor-widget-container\">\n\t\t\t\t\t<h6 class=\"elementor-heading-title elementor-size-default\">S\u00cdGUEME<\/h6>\t\t\t\t<\/div>\n\t\t\t\t<\/div>\n\t\t\t\t<div class=\"elementor-element elementor-element-0d82d1c elementor-shape-circle custom-share elementor-widget__width-auto elementor-grid-0 e-grid-align-center elementor-widget elementor-widget-social-icons\" data-id=\"0d82d1c\" data-element_type=\"widget\" data-e-type=\"widget\" data-widget_type=\"social-icons.default\">\n\t\t\t\t<div class=\"elementor-widget-container\">\n\t\t\t\t\t\t\t<div class=\"elementor-social-icons-wrapper elementor-grid\" role=\"list\">\n\t\t\t\t\t\t\t<span class=\"elementor-grid-item\" role=\"listitem\">\n\t\t\t\t\t<a class=\"elementor-icon elementor-social-icon elementor-social-icon-facebook-f elementor-repeater-item-1acf50d\" href=\"https:\/\/www.facebook.com\/AlvaroOrdonezDds\/\" target=\"_blank\">\n\t\t\t\t\t\t<span class=\"elementor-screen-only\">Facebook-f<\/span>\n\t\t\t\t\t\t<i aria-hidden=\"true\" class=\"fab fa-facebook-f\"><\/i>\t\t\t\t\t<\/a>\n\t\t\t\t<\/span>\n\t\t\t\t\t\t\t<span class=\"elementor-grid-item\" role=\"listitem\">\n\t\t\t\t\t<a class=\"elementor-icon elementor-social-icon elementor-social-icon-twitter elementor-repeater-item-ae9826f\" href=\"https:\/\/twitter.com\/DrOrdonezDDS\" target=\"_blank\">\n\t\t\t\t\t\t<span class=\"elementor-screen-only\">Twitter<\/span>\n\t\t\t\t\t\t<i aria-hidden=\"true\" class=\"fab fa-twitter\"><\/i>\t\t\t\t\t<\/a>\n\t\t\t\t<\/span>\n\t\t\t\t\t\t\t<span class=\"elementor-grid-item\" role=\"listitem\">\n\t\t\t\t\t<a class=\"elementor-icon elementor-social-icon elementor-social-icon-instagram elementor-repeater-item-e3f95aa\" href=\"https:\/\/www.instagram.com\/dralvaroordonezdds\/\" target=\"_blank\">\n\t\t\t\t\t\t<span class=\"elementor-screen-only\">Instagram<\/span>\n\t\t\t\t\t\t<i aria-hidden=\"true\" class=\"fab fa-instagram\"><\/i>\t\t\t\t\t<\/a>\n\t\t\t\t<\/span>\n\t\t\t\t\t\t\t<span class=\"elementor-grid-item\" role=\"listitem\">\n\t\t\t\t\t<a class=\"elementor-icon elementor-social-icon elementor-social-icon-linkedin elementor-repeater-item-d1f105a\" href=\"https:\/\/www.linkedin.com\/in\/alvaro-ordonez\/\" target=\"_blank\">\n\t\t\t\t\t\t<span class=\"elementor-screen-only\">Linkedin<\/span>\n\t\t\t\t\t\t<i aria-hidden=\"true\" class=\"fab fa-linkedin\"><\/i>\t\t\t\t\t<\/a>\n\t\t\t\t<\/span>\n\t\t\t\t\t<\/div>\n\t\t\t\t\t\t<\/div>\n\t\t\t\t<\/div>\n\t\t\t\t\t<\/div>\r\n\t\t\t\t<\/div>\r\n\t\t\t\t\t<\/div>\r\n\t\t\t\t<\/div>\r\n\t\t\t\t<div class=\"elementor-element elementor-element-7ff640a elementor-widget-divider--view-line elementor-widget elementor-widget-divider\" data-id=\"7ff640a\" data-element_type=\"widget\" data-e-type=\"widget\" data-widget_type=\"divider.default\">\n\t\t\t\t<div class=\"elementor-widget-container\">\n\t\t\t\t\t\t\t<div class=\"elementor-divider\">\n\t\t\t<span class=\"elementor-divider-separator\">\n\t\t\t\t\t\t<\/span>\n\t\t<\/div>\n\t\t\t\t\t\t<\/div>\n\t\t\t\t<\/div>\n\t\t\t\t\t<\/div>\r\n\t\t\t\t<\/div>\r\n\t\t\t\t\t<\/div>\r\n\t\t\t\t<\/div>\r\n\t\t\t\t<\/div>\n\t\t","protected":false},"excerpt":{"rendered":"<p>Alvaro Ordonez, DDS TMJ treatment and Dental Implants Specialist Es raro encontrar a una persona verdaderamente apasionada que sobresalga en su profesi\u00f3n. El Dr. Ordo\u00f1ez no solo ha dedicado su vida y trabajo a brindar atenci\u00f3n dental de calidad a sus pacientes, sino que tambi\u00e9n ha servido como ejemplo de compasi\u00f3n, cuidado y pr\u00e1cticas \u00e9ticas. [&hellip;]<\/p>\n","protected":false},"author":1,"featured_media":0,"parent":0,"menu_order":0,"comment_status":"closed","ping_status":"closed","template":"","meta":{"_acf_changed":false,"nf_dc_page":"","footnotes":""},"class_list":["post-5115","page","type-page","status-publish","hentry"],"acf":[],"yoast_head":"<!-- This site is optimized with the Yoast SEO plugin v27.4 - https:\/\/yoast.com\/product\/yoast-seo-wordpress\/ -->\n<title>Alvaro Ordonez, DDS - South Miami Family Dental<\/title>\n<meta name=\"description\" content=\"Dr. Alvaro Ordonez, especialista en TMJ e implantes dentales con m\u00e1s de 30 a\u00f1os de experiencia. Compromiso con la calidad y la innovaci\u00f3n en el cuidado dental.\" \/>\n<meta name=\"robots\" content=\"index, follow, max-snippet:-1, max-image-preview:large, max-video-preview:-1\" \/>\n<link rel=\"canonical\" href=\"https:\/\/southmiamifamilydental.com\/es\/alvaro-ordonez-dds\/\" \/>\n<meta property=\"og:locale\" content=\"es_ES\" \/>\n<meta property=\"og:type\" content=\"article\" \/>\n<meta property=\"og:title\" content=\"Alvaro Ordonez, DDS - South Miami Family Dental\" \/>\n<meta property=\"og:description\" content=\"Dr. Alvaro Ordonez, especialista en TMJ e implantes dentales con m\u00e1s de 30 a\u00f1os de experiencia. Compromiso con la calidad y la innovaci\u00f3n en el cuidado dental.\" \/>\n<meta property=\"og:url\" content=\"https:\/\/southmiamifamilydental.com\/es\/alvaro-ordonez-dds\/\" \/>\n<meta property=\"og:site_name\" content=\"South Miami Family Dental\" \/>\n<meta property=\"article:publisher\" content=\"https:\/\/www.facebook.com\/AlvaroOrdonezDds\/\" \/>\n<meta property=\"article:modified_time\" content=\"2024-02-19T15:39:40+00:00\" \/>\n<meta property=\"og:image\" content=\"http:\/\/southmiamifamilydental.com\/wp-content\/uploads\/2023\/10\/Alvaro-Ordonez.jpg\" \/>\n<meta name=\"twitter:card\" content=\"summary_large_image\" \/>\n<meta name=\"twitter:site\" content=\"@DrOrdonezDDS\" \/>\n<meta name=\"twitter:label1\" content=\"Tiempo de lectura\" \/>\n\t<meta name=\"twitter:data1\" content=\"1 minuto\" \/>\n<script type=\"application\/ld+json\" class=\"yoast-schema-graph\">{\"@context\":\"https:\\\/\\\/schema.org\",\"@graph\":[{\"@type\":\"WebPage\",\"@id\":\"https:\\\/\\\/southmiamifamilydental.com\\\/es\\\/alvaro-ordonez-dds\\\/\",\"url\":\"https:\\\/\\\/southmiamifamilydental.com\\\/es\\\/alvaro-ordonez-dds\\\/\",\"name\":\"Alvaro Ordonez, DDS - South Miami Family Dental\",\"isPartOf\":{\"@id\":\"https:\\\/\\\/southmiamifamilydental.com\\\/es\\\/#website\"},\"primaryImageOfPage\":{\"@id\":\"https:\\\/\\\/southmiamifamilydental.com\\\/es\\\/alvaro-ordonez-dds\\\/#primaryimage\"},\"image\":{\"@id\":\"https:\\\/\\\/southmiamifamilydental.com\\\/es\\\/alvaro-ordonez-dds\\\/#primaryimage\"},\"thumbnailUrl\":\"http:\\\/\\\/southmiamifamilydental.com\\\/wp-content\\\/uploads\\\/2023\\\/10\\\/Alvaro-Ordonez.jpg\",\"datePublished\":\"2023-10-26T14:30:38+00:00\",\"dateModified\":\"2024-02-19T15:39:40+00:00\",\"description\":\"Dr. Alvaro Ordonez, especialista en TMJ e implantes dentales con m\u00e1s de 30 a\u00f1os de experiencia. Compromiso con la calidad y la innovaci\u00f3n en el cuidado dental.\",\"breadcrumb\":{\"@id\":\"https:\\\/\\\/southmiamifamilydental.com\\\/es\\\/alvaro-ordonez-dds\\\/#breadcrumb\"},\"inLanguage\":\"es\",\"potentialAction\":[{\"@type\":\"ReadAction\",\"target\":[\"https:\\\/\\\/southmiamifamilydental.com\\\/es\\\/alvaro-ordonez-dds\\\/\"]}]},{\"@type\":\"ImageObject\",\"inLanguage\":\"es\",\"@id\":\"https:\\\/\\\/southmiamifamilydental.com\\\/es\\\/alvaro-ordonez-dds\\\/#primaryimage\",\"url\":\"http:\\\/\\\/southmiamifamilydental.com\\\/wp-content\\\/uploads\\\/2023\\\/10\\\/Alvaro-Ordonez.jpg\",\"contentUrl\":\"http:\\\/\\\/southmiamifamilydental.com\\\/wp-content\\\/uploads\\\/2023\\\/10\\\/Alvaro-Ordonez.jpg\"},{\"@type\":\"BreadcrumbList\",\"@id\":\"https:\\\/\\\/southmiamifamilydental.com\\\/es\\\/alvaro-ordonez-dds\\\/#breadcrumb\",\"itemListElement\":[{\"@type\":\"ListItem\",\"position\":1,\"name\":\"Home\",\"item\":\"https:\\\/\\\/southmiamifamilydental.com\\\/es\\\/\"},{\"@type\":\"ListItem\",\"position\":2,\"name\":\"Alvaro Ordonez, DDS\"}]},{\"@type\":\"WebSite\",\"@id\":\"https:\\\/\\\/southmiamifamilydental.com\\\/es\\\/#website\",\"url\":\"https:\\\/\\\/southmiamifamilydental.com\\\/es\\\/\",\"name\":\"South Miami Family Dental\",\"description\":\"Dentist in Miami\",\"publisher\":{\"@id\":\"https:\\\/\\\/southmiamifamilydental.com\\\/es\\\/#organization\"},\"potentialAction\":[{\"@type\":\"SearchAction\",\"target\":{\"@type\":\"EntryPoint\",\"urlTemplate\":\"https:\\\/\\\/southmiamifamilydental.com\\\/es\\\/?s={search_term_string}\"},\"query-input\":{\"@type\":\"PropertyValueSpecification\",\"valueRequired\":true,\"valueName\":\"search_term_string\"}}],\"inLanguage\":\"es\"},{\"@type\":\"Organization\",\"@id\":\"https:\\\/\\\/southmiamifamilydental.com\\\/es\\\/#organization\",\"name\":\"South Miami Family Dental\",\"url\":\"https:\\\/\\\/southmiamifamilydental.com\\\/es\\\/\",\"logo\":{\"@type\":\"ImageObject\",\"inLanguage\":\"es\",\"@id\":\"https:\\\/\\\/southmiamifamilydental.com\\\/es\\\/#\\\/schema\\\/logo\\\/image\\\/\",\"url\":\"https:\\\/\\\/southmiamifamilydental.com\\\/wp-content\\\/uploads\\\/2023\\\/07\\\/logo.png\",\"contentUrl\":\"https:\\\/\\\/southmiamifamilydental.com\\\/wp-content\\\/uploads\\\/2023\\\/07\\\/logo.png\",\"width\":180,\"height\":75,\"caption\":\"South Miami Family Dental\"},\"image\":{\"@id\":\"https:\\\/\\\/southmiamifamilydental.com\\\/es\\\/#\\\/schema\\\/logo\\\/image\\\/\"},\"sameAs\":[\"https:\\\/\\\/www.facebook.com\\\/AlvaroOrdonezDds\\\/\",\"https:\\\/\\\/x.com\\\/DrOrdonezDDS\",\"https:\\\/\\\/www.instagram.com\\\/dralvaroordonezdds\\\/\",\"https:\\\/\\\/www.linkedin.com\\\/in\\\/alvaro-ordonez\\\/\"]}]}<\/script>\n<!-- \/ Yoast SEO plugin. -->","yoast_head_json":{"title":"Alvaro Ordonez, DDS - South Miami Family Dental","description":"Dr. Alvaro Ordonez, especialista en TMJ e implantes dentales con m\u00e1s de 30 a\u00f1os de experiencia. Compromiso con la calidad y la innovaci\u00f3n en el cuidado dental.","robots":{"index":"index","follow":"follow","max-snippet":"max-snippet:-1","max-image-preview":"max-image-preview:large","max-video-preview":"max-video-preview:-1"},"canonical":"https:\/\/southmiamifamilydental.com\/es\/alvaro-ordonez-dds\/","og_locale":"es_ES","og_type":"article","og_title":"Alvaro Ordonez, DDS - South Miami Family Dental","og_description":"Dr. Alvaro Ordonez, especialista en TMJ e implantes dentales con m\u00e1s de 30 a\u00f1os de experiencia. Compromiso con la calidad y la innovaci\u00f3n en el cuidado dental.","og_url":"https:\/\/southmiamifamilydental.com\/es\/alvaro-ordonez-dds\/","og_site_name":"South Miami Family Dental","article_publisher":"https:\/\/www.facebook.com\/AlvaroOrdonezDds\/","article_modified_time":"2024-02-19T15:39:40+00:00","og_image":[{"url":"http:\/\/southmiamifamilydental.com\/wp-content\/uploads\/2023\/10\/Alvaro-Ordonez.jpg","type":"","width":"","height":""}],"twitter_card":"summary_large_image","twitter_site":"@DrOrdonezDDS","twitter_misc":{"Tiempo de lectura":"1 minuto"},"schema":{"@context":"https:\/\/schema.org","@graph":[{"@type":"WebPage","@id":"https:\/\/southmiamifamilydental.com\/es\/alvaro-ordonez-dds\/","url":"https:\/\/southmiamifamilydental.com\/es\/alvaro-ordonez-dds\/","name":"Alvaro Ordonez, DDS - South Miami Family Dental","isPartOf":{"@id":"https:\/\/southmiamifamilydental.com\/es\/#website"},"primaryImageOfPage":{"@id":"https:\/\/southmiamifamilydental.com\/es\/alvaro-ordonez-dds\/#primaryimage"},"image":{"@id":"https:\/\/southmiamifamilydental.com\/es\/alvaro-ordonez-dds\/#primaryimage"},"thumbnailUrl":"http:\/\/southmiamifamilydental.com\/wp-content\/uploads\/2023\/10\/Alvaro-Ordonez.jpg","datePublished":"2023-10-26T14:30:38+00:00","dateModified":"2024-02-19T15:39:40+00:00","description":"Dr. Alvaro Ordonez, especialista en TMJ e implantes dentales con m\u00e1s de 30 a\u00f1os de experiencia. Compromiso con la calidad y la innovaci\u00f3n en el cuidado dental.","breadcrumb":{"@id":"https:\/\/southmiamifamilydental.com\/es\/alvaro-ordonez-dds\/#breadcrumb"},"inLanguage":"es","potentialAction":[{"@type":"ReadAction","target":["https:\/\/southmiamifamilydental.com\/es\/alvaro-ordonez-dds\/"]}]},{"@type":"ImageObject","inLanguage":"es","@id":"https:\/\/southmiamifamilydental.com\/es\/alvaro-ordonez-dds\/#primaryimage","url":"http:\/\/southmiamifamilydental.com\/wp-content\/uploads\/2023\/10\/Alvaro-Ordonez.jpg","contentUrl":"http:\/\/southmiamifamilydental.com\/wp-content\/uploads\/2023\/10\/Alvaro-Ordonez.jpg"},{"@type":"BreadcrumbList","@id":"https:\/\/southmiamifamilydental.com\/es\/alvaro-ordonez-dds\/#breadcrumb","itemListElement":[{"@type":"ListItem","position":1,"name":"Home","item":"https:\/\/southmiamifamilydental.com\/es\/"},{"@type":"ListItem","position":2,"name":"Alvaro Ordonez, DDS"}]},{"@type":"WebSite","@id":"https:\/\/southmiamifamilydental.com\/es\/#website","url":"https:\/\/southmiamifamilydental.com\/es\/","name":"South Miami Family Dental","description":"Dentist in Miami","publisher":{"@id":"https:\/\/southmiamifamilydental.com\/es\/#organization"},"potentialAction":[{"@type":"SearchAction","target":{"@type":"EntryPoint","urlTemplate":"https:\/\/southmiamifamilydental.com\/es\/?s={search_term_string}"},"query-input":{"@type":"PropertyValueSpecification","valueRequired":true,"valueName":"search_term_string"}}],"inLanguage":"es"},{"@type":"Organization","@id":"https:\/\/southmiamifamilydental.com\/es\/#organization","name":"South Miami Family Dental","url":"https:\/\/southmiamifamilydental.com\/es\/","logo":{"@type":"ImageObject","inLanguage":"es","@id":"https:\/\/southmiamifamilydental.com\/es\/#\/schema\/logo\/image\/","url":"https:\/\/southmiamifamilydental.com\/wp-content\/uploads\/2023\/07\/logo.png","contentUrl":"https:\/\/southmiamifamilydental.com\/wp-content\/uploads\/2023\/07\/logo.png","width":180,"height":75,"caption":"South Miami Family Dental"},"image":{"@id":"https:\/\/southmiamifamilydental.com\/es\/#\/schema\/logo\/image\/"},"sameAs":["https:\/\/www.facebook.com\/AlvaroOrdonezDds\/","https:\/\/x.com\/DrOrdonezDDS","https:\/\/www.instagram.com\/dralvaroordonezdds\/","https:\/\/www.linkedin.com\/in\/alvaro-ordonez\/"]}]}},"jetpack_sharing_enabled":true,"_links":{"self":[{"href":"https:\/\/southmiamifamilydental.com\/es\/wp-json\/wp\/v2\/pages\/5115","targetHints":{"allow":["GET"]}}],"collection":[{"href":"https:\/\/southmiamifamilydental.com\/es\/wp-json\/wp\/v2\/pages"}],"about":[{"href":"https:\/\/southmiamifamilydental.com\/es\/wp-json\/wp\/v2\/types\/page"}],"author":[{"embeddable":true,"href":"https:\/\/southmiamifamilydental.com\/es\/wp-json\/wp\/v2\/users\/1"}],"replies":[{"embeddable":true,"href":"https:\/\/southmiamifamilydental.com\/es\/wp-json\/wp\/v2\/comments?post=5115"}],"version-history":[{"count":14,"href":"https:\/\/southmiamifamilydental.com\/es\/wp-json\/wp\/v2\/pages\/5115\/revisions"}],"predecessor-version":[{"id":5200,"href":"https:\/\/southmiamifamilydental.com\/es\/wp-json\/wp\/v2\/pages\/5115\/revisions\/5200"}],"wp:attachment":[{"href":"https:\/\/southmiamifamilydental.com\/es\/wp-json\/wp\/v2\/media?parent=5115"}],"curies":[{"name":"wp","href":"https:\/\/api.w.org\/{rel}","templated":true}]}}