{"id":5128,"date":"2023-10-26T11:02:02","date_gmt":"2023-10-26T15:02:02","guid":{"rendered":"https:\/\/southmiamifamilydental.com\/our-team\/"},"modified":"2024-02-19T11:24:37","modified_gmt":"2024-02-19T15:24:37","slug":"nuestro-equipo","status":"publish","type":"page","link":"https:\/\/southmiamifamilydental.com\/es\/nuestro-equipo\/","title":{"rendered":"Nuestro equipo"},"content":{"rendered":"\t\t<div data-elementor-type=\"wp-page\" data-elementor-id=\"5128\" class=\"elementor elementor-5128 elementor-5123\">\n\t\t\t\t\t\t<div class=\"elementor-section elementor-top-section elementor-element elementor-element-6ea70dd m-t-xlg elementor-section-boxed elementor-section-height-default elementor-section-height-default\" data-id=\"6ea70dd\" data-element_type=\"section\" data-e-type=\"section\">\r\n\t\t\r\n\t\t\t\t\t\t\t<div class=\"elementor-container elementor-column-gap-default\">\r\n\t\t\t\t\t\t\t\t\t\t\t<div class=\"elementor-column elementor-col-50 elementor-top-column elementor-element elementor-element-c77c205 m-b-lg\" data-id=\"c77c205\" data-element_type=\"column\" data-e-type=\"column\">\r\n\t\t\t\t\t<div class=\"elementor-widget-wrap elementor-element-populated\">\r\n\t\t\t\t\t\t\t\t<div class=\"elementor-element elementor-element-7ab013a elementor-widget elementor-widget-porto_ultimate_heading\" data-id=\"7ab013a\" data-element_type=\"widget\" data-e-type=\"widget\" data-widget_type=\"porto_ultimate_heading.default\">\n\t\t\t\t<div class=\"elementor-widget-container\">\n\t\t\t\t\t<div class=\"porto-u-heading  porto-u-7cde7bb859728a21207628191890e260\"><div class=\"porto-u-main-heading\"><h2   >Nuestro equipo<\/h2><\/div><div class=\"porto-u-sub-heading\" style=\"\"><p>CONOCE LOS MIEMBROS DE NUESTRO EQUIPO<\/p><\/div><style>.porto-u-7cde7bb859728a21207628191890e260.porto-u-heading{text-align:left}<\/style><\/div>\t\t\t\t<\/div>\n\t\t\t\t<\/div>\n\t\t\t\t<div class=\"elementor-element elementor-element-cd5e3ee elementor-widget elementor-widget-text-editor\" data-id=\"cd5e3ee\" data-element_type=\"widget\" data-e-type=\"widget\" data-widget_type=\"text-editor.default\">\n\t\t\t\t<div class=\"elementor-widget-container\">\n\t\t\t\t\t\t\t\t\t<div class=\"elementor-element elementor-element-5b56679 member-content m-b-sm elementor-widget elementor-widget-heading\" data-id=\"5b56679\" data-element_type=\"widget\" data-widget_type=\"heading.default\"><div class=\"elementor-widget-container\"><div class=\"elementor-heading-title elementor-size-default\"><p>Los requisitos m\u00e1s importantes en nuestro equipo son: ser amigables, humanos, comprensivos y generosos. Creemos que estas cuatro cualidades son fundamentales para crear un entorno de cuidado para nuestros pacientes. Proporcionamos el mejor entrenamiento a nuestro personal. Moldeamos a nuestro equipo para que vayan m\u00e1s all\u00e1 por nuestros pacientes.<\/p><p>El personal est\u00e1 recibiendo constantemente capacitaci\u00f3n para mejorar sus habilidades cl\u00ednicas y de gesti\u00f3n. Encontrar al personal adecuado no es f\u00e1cil; encontrar personas excelentes que puedan trabajar juntas como equipo es a\u00fan m\u00e1s dif\u00edcil.<\/p><p>Sin embargo, hemos creado un grupo de verdaderos jugadores de equipo que realmente se preocupar\u00e1n por ti y ser\u00e1n defensores amigables de tu cuidado y bienestar en un esfuerzo por mejorar tu calidad de vida.<\/p><\/div><\/div><\/div>\t\t\t\t\t\t\t\t<\/div>\n\t\t\t\t<\/div>\n\t\t\t\t<div class=\"elementor-element elementor-element-e6e9a8a mr-auto elementor-widget__width-auto elementor-widget elementor-widget-porto_button\" data-id=\"e6e9a8a\" data-element_type=\"widget\" data-e-type=\"widget\" data-widget_type=\"porto_button.default\">\n\t\t\t\t<div class=\"elementor-widget-container\">\n\t\t\t\t\t<a aria-label=\"button\" class=\"btn btn-md btn-dark\" href=\"https:\/\/southmiamifamilydental.com\/es\/contacto\/\"><span >Cont\u00e1ctanos<\/span><\/a>\t\t\t\t<\/div>\n\t\t\t\t<\/div>\n\t\t\t\t<div class=\"elementor-element elementor-element-ba59532 elementor-widget-divider--view-line elementor-widget elementor-widget-divider\" data-id=\"ba59532\" data-element_type=\"widget\" data-e-type=\"widget\" data-widget_type=\"divider.default\">\n\t\t\t\t<div class=\"elementor-widget-container\">\n\t\t\t\t\t\t\t<div class=\"elementor-divider\">\n\t\t\t<span class=\"elementor-divider-separator\">\n\t\t\t\t\t\t<\/span>\n\t\t<\/div>\n\t\t\t\t\t\t<\/div>\n\t\t\t\t<\/div>\n\t\t\t\t\t<\/div>\r\n\t\t\t\t<\/div>\r\n\t\t\t\t<div class=\"elementor-column elementor-col-50 elementor-top-column elementor-element elementor-element-21420cf m-b-lg\" data-id=\"21420cf\" data-element_type=\"column\" data-e-type=\"column\">\r\n\t\t\t\t\t<div class=\"elementor-widget-wrap elementor-element-populated\">\r\n\t\t\t\t\t\t\t\t<div class=\"elementor-element elementor-element-01414d3 elementor-widget elementor-widget-image\" data-id=\"01414d3\" data-element_type=\"widget\" data-e-type=\"widget\" data-widget_type=\"image.default\">\n\t\t\t\t<div class=\"elementor-widget-container\">\n\t\t\t\t\t\t\t\t\t\t\t\t\t\t\t<img fetchpriority=\"high\" decoding=\"async\" width=\"275\" height=\"275\" src=\"https:\/\/i0.wp.com\/southmiamifamilydental.com\/wp-content\/uploads\/2023\/10\/staff.jpg?fit=275%2C275&amp;ssl=1\" class=\"attachment-full size-full wp-image-5094\" alt=\"staff\" \/>\t\t\t\t\t\t\t\t\t\t\t\t\t\t\t<\/div>\n\t\t\t\t<\/div>\n\t\t\t\t<div class=\"elementor-section elementor-inner-section elementor-element elementor-element-f3e4cda elementor-section-content-middle elementor-section-boxed elementor-section-height-default elementor-section-height-default\" data-id=\"f3e4cda\" data-element_type=\"section\" data-e-type=\"section\">\r\n\t\t\r\n\t\t\t\t\t\t\t<div class=\"elementor-container elementor-column-gap-default\">\r\n\t\t\t\t\t\t\t\t\t\t\t<div class=\"elementor-column elementor-col-100 elementor-inner-column elementor-element elementor-element-f9b69c1\" data-id=\"f9b69c1\" data-element_type=\"column\" data-e-type=\"column\">\r\n\t\t\t\t\t<div class=\"elementor-widget-wrap elementor-element-populated\">\r\n\t\t\t\t\t\t\t\t<div class=\"elementor-element elementor-element-8cb8d70 m-r-md elementor-widget__width-auto elementor-widget elementor-widget-heading\" data-id=\"8cb8d70\" data-element_type=\"widget\" data-e-type=\"widget\" data-widget_type=\"heading.default\">\n\t\t\t\t<div class=\"elementor-widget-container\">\n\t\t\t\t\t<h6 class=\"elementor-heading-title elementor-size-default\">S\u00edguenos<\/h6>\t\t\t\t<\/div>\n\t\t\t\t<\/div>\n\t\t\t\t<div class=\"elementor-element elementor-element-0694a2e elementor-shape-circle custom-share elementor-widget__width-auto elementor-grid-0 e-grid-align-center elementor-widget elementor-widget-social-icons\" data-id=\"0694a2e\" data-element_type=\"widget\" data-e-type=\"widget\" data-widget_type=\"social-icons.default\">\n\t\t\t\t<div class=\"elementor-widget-container\">\n\t\t\t\t\t\t\t<div class=\"elementor-social-icons-wrapper elementor-grid\" role=\"list\">\n\t\t\t\t\t\t\t<span class=\"elementor-grid-item\" role=\"listitem\">\n\t\t\t\t\t<a class=\"elementor-icon elementor-social-icon elementor-social-icon-facebook-f elementor-repeater-item-1acf50d\" href=\"https:\/\/www.facebook.com\/AlvaroOrdonezDds\/\" target=\"_blank\">\n\t\t\t\t\t\t<span class=\"elementor-screen-only\">Facebook-f<\/span>\n\t\t\t\t\t\t<i aria-hidden=\"true\" class=\"fab fa-facebook-f\"><\/i>\t\t\t\t\t<\/a>\n\t\t\t\t<\/span>\n\t\t\t\t\t\t\t<span class=\"elementor-grid-item\" role=\"listitem\">\n\t\t\t\t\t<a class=\"elementor-icon elementor-social-icon elementor-social-icon-twitter elementor-repeater-item-ae9826f\" href=\"https:\/\/twitter.com\/DrOrdonezDDS\" target=\"_blank\">\n\t\t\t\t\t\t<span class=\"elementor-screen-only\">Twitter<\/span>\n\t\t\t\t\t\t<i aria-hidden=\"true\" class=\"fab fa-twitter\"><\/i>\t\t\t\t\t<\/a>\n\t\t\t\t<\/span>\n\t\t\t\t\t\t\t<span class=\"elementor-grid-item\" role=\"listitem\">\n\t\t\t\t\t<a class=\"elementor-icon elementor-social-icon elementor-social-icon-instagram elementor-repeater-item-e3f95aa\" href=\"https:\/\/www.instagram.com\/dralvaroordonezdds\/\" target=\"_blank\">\n\t\t\t\t\t\t<span class=\"elementor-screen-only\">Instagram<\/span>\n\t\t\t\t\t\t<i aria-hidden=\"true\" class=\"fab fa-instagram\"><\/i>\t\t\t\t\t<\/a>\n\t\t\t\t<\/span>\n\t\t\t\t\t\t\t<span class=\"elementor-grid-item\" role=\"listitem\">\n\t\t\t\t\t<a class=\"elementor-icon elementor-social-icon elementor-social-icon-linkedin elementor-repeater-item-d1f105a\" href=\"https:\/\/www.linkedin.com\/in\/alvaro-ordonez\/\" target=\"_blank\">\n\t\t\t\t\t\t<span class=\"elementor-screen-only\">Linkedin<\/span>\n\t\t\t\t\t\t<i aria-hidden=\"true\" class=\"fab fa-linkedin\"><\/i>\t\t\t\t\t<\/a>\n\t\t\t\t<\/span>\n\t\t\t\t\t<\/div>\n\t\t\t\t\t\t<\/div>\n\t\t\t\t<\/div>\n\t\t\t\t\t<\/div>\r\n\t\t\t\t<\/div>\r\n\t\t\t\t\t<\/div>\r\n\t\t\t\t<\/div>\r\n\t\t\t\t<div class=\"elementor-element elementor-element-089a8b0 elementor-widget-divider--view-line elementor-widget elementor-widget-divider\" data-id=\"089a8b0\" data-element_type=\"widget\" data-e-type=\"widget\" data-widget_type=\"divider.default\">\n\t\t\t\t<div class=\"elementor-widget-container\">\n\t\t\t\t\t\t\t<div class=\"elementor-divider\">\n\t\t\t<span class=\"elementor-divider-separator\">\n\t\t\t\t\t\t<\/span>\n\t\t<\/div>\n\t\t\t\t\t\t<\/div>\n\t\t\t\t<\/div>\n\t\t\t\t\t<\/div>\r\n\t\t\t\t<\/div>\r\n\t\t\t\t\t<\/div>\r\n\t\t\t\t<\/div>\r\n\t\t\t\t<\/div>\n\t\t","protected":false},"excerpt":{"rendered":"<p>Nuestro equipo CONOCE LOS MIEMBROS DE NUESTRO EQUIPO Los requisitos m\u00e1s importantes en nuestro equipo son: ser amigables, humanos, comprensivos y generosos. Creemos que estas cuatro cualidades son fundamentales para crear un entorno de cuidado para nuestros pacientes. Proporcionamos el mejor entrenamiento a nuestro personal. Moldeamos a nuestro equipo para que vayan m\u00e1s all\u00e1 por [&hellip;]<\/p>\n","protected":false},"author":1,"featured_media":0,"parent":0,"menu_order":0,"comment_status":"closed","ping_status":"closed","template":"","meta":{"_acf_changed":false,"nf_dc_page":"","footnotes":""},"class_list":["post-5128","page","type-page","status-publish","hentry"],"acf":[],"yoast_head":"<!-- This site is optimized with the Yoast SEO plugin v27.4 - https:\/\/yoast.com\/product\/yoast-seo-wordpress\/ -->\n<title>Nuestro equipo - South Miami Family Dental<\/title>\n<meta name=\"description\" content=\"Conoce a nuestro equipo humano, amigable y comprensivo. Entrenamiento excepcional para brindar atenci\u00f3n m\u00e1s all\u00e1 de lo com\u00fan. Juntos, mejoramos vidas.\" \/>\n<meta name=\"robots\" content=\"index, follow, max-snippet:-1, max-image-preview:large, max-video-preview:-1\" \/>\n<link rel=\"canonical\" href=\"https:\/\/southmiamifamilydental.com\/es\/nuestro-equipo\/\" \/>\n<meta property=\"og:locale\" content=\"es_ES\" \/>\n<meta property=\"og:type\" content=\"article\" \/>\n<meta property=\"og:title\" content=\"Nuestro equipo - South Miami Family Dental\" \/>\n<meta property=\"og:description\" content=\"Conoce a nuestro equipo humano, amigable y comprensivo. Entrenamiento excepcional para brindar atenci\u00f3n m\u00e1s all\u00e1 de lo com\u00fan. Juntos, mejoramos vidas.\" \/>\n<meta property=\"og:url\" content=\"https:\/\/southmiamifamilydental.com\/es\/nuestro-equipo\/\" \/>\n<meta property=\"og:site_name\" content=\"South Miami Family Dental\" \/>\n<meta property=\"article:publisher\" content=\"https:\/\/www.facebook.com\/AlvaroOrdonezDds\/\" \/>\n<meta property=\"article:modified_time\" content=\"2024-02-19T15:24:37+00:00\" \/>\n<meta property=\"og:image\" content=\"https:\/\/southmiamifamilydental.com\/wp-content\/uploads\/2023\/10\/staff.jpg\" \/>\n<meta name=\"twitter:card\" content=\"summary_large_image\" \/>\n<meta name=\"twitter:site\" content=\"@DrOrdonezDDS\" \/>\n<meta name=\"twitter:label1\" content=\"Tiempo de lectura\" \/>\n\t<meta name=\"twitter:data1\" content=\"2 minutos\" \/>\n<script type=\"application\/ld+json\" class=\"yoast-schema-graph\">{\"@context\":\"https:\\\/\\\/schema.org\",\"@graph\":[{\"@type\":\"WebPage\",\"@id\":\"https:\\\/\\\/southmiamifamilydental.com\\\/es\\\/nuestro-equipo\\\/\",\"url\":\"https:\\\/\\\/southmiamifamilydental.com\\\/es\\\/nuestro-equipo\\\/\",\"name\":\"Nuestro equipo - South Miami Family Dental\",\"isPartOf\":{\"@id\":\"https:\\\/\\\/southmiamifamilydental.com\\\/es\\\/#website\"},\"primaryImageOfPage\":{\"@id\":\"https:\\\/\\\/southmiamifamilydental.com\\\/es\\\/nuestro-equipo\\\/#primaryimage\"},\"image\":{\"@id\":\"https:\\\/\\\/southmiamifamilydental.com\\\/es\\\/nuestro-equipo\\\/#primaryimage\"},\"thumbnailUrl\":\"https:\\\/\\\/southmiamifamilydental.com\\\/wp-content\\\/uploads\\\/2023\\\/10\\\/staff.jpg\",\"datePublished\":\"2023-10-26T15:02:02+00:00\",\"dateModified\":\"2024-02-19T15:24:37+00:00\",\"description\":\"Conoce a nuestro equipo humano, amigable y comprensivo. Entrenamiento excepcional para brindar atenci\u00f3n m\u00e1s all\u00e1 de lo com\u00fan. Juntos, mejoramos vidas.\",\"breadcrumb\":{\"@id\":\"https:\\\/\\\/southmiamifamilydental.com\\\/es\\\/nuestro-equipo\\\/#breadcrumb\"},\"inLanguage\":\"es\",\"potentialAction\":[{\"@type\":\"ReadAction\",\"target\":[\"https:\\\/\\\/southmiamifamilydental.com\\\/es\\\/nuestro-equipo\\\/\"]}]},{\"@type\":\"ImageObject\",\"inLanguage\":\"es\",\"@id\":\"https:\\\/\\\/southmiamifamilydental.com\\\/es\\\/nuestro-equipo\\\/#primaryimage\",\"url\":\"https:\\\/\\\/southmiamifamilydental.com\\\/wp-content\\\/uploads\\\/2023\\\/10\\\/staff.jpg\",\"contentUrl\":\"https:\\\/\\\/southmiamifamilydental.com\\\/wp-content\\\/uploads\\\/2023\\\/10\\\/staff.jpg\"},{\"@type\":\"BreadcrumbList\",\"@id\":\"https:\\\/\\\/southmiamifamilydental.com\\\/es\\\/nuestro-equipo\\\/#breadcrumb\",\"itemListElement\":[{\"@type\":\"ListItem\",\"position\":1,\"name\":\"Home\",\"item\":\"https:\\\/\\\/southmiamifamilydental.com\\\/es\\\/\"},{\"@type\":\"ListItem\",\"position\":2,\"name\":\"Nuestro equipo\"}]},{\"@type\":\"WebSite\",\"@id\":\"https:\\\/\\\/southmiamifamilydental.com\\\/es\\\/#website\",\"url\":\"https:\\\/\\\/southmiamifamilydental.com\\\/es\\\/\",\"name\":\"South Miami Family Dental\",\"description\":\"Dentist in Miami\",\"publisher\":{\"@id\":\"https:\\\/\\\/southmiamifamilydental.com\\\/es\\\/#organization\"},\"potentialAction\":[{\"@type\":\"SearchAction\",\"target\":{\"@type\":\"EntryPoint\",\"urlTemplate\":\"https:\\\/\\\/southmiamifamilydental.com\\\/es\\\/?s={search_term_string}\"},\"query-input\":{\"@type\":\"PropertyValueSpecification\",\"valueRequired\":true,\"valueName\":\"search_term_string\"}}],\"inLanguage\":\"es\"},{\"@type\":\"Organization\",\"@id\":\"https:\\\/\\\/southmiamifamilydental.com\\\/es\\\/#organization\",\"name\":\"South Miami Family Dental\",\"url\":\"https:\\\/\\\/southmiamifamilydental.com\\\/es\\\/\",\"logo\":{\"@type\":\"ImageObject\",\"inLanguage\":\"es\",\"@id\":\"https:\\\/\\\/southmiamifamilydental.com\\\/es\\\/#\\\/schema\\\/logo\\\/image\\\/\",\"url\":\"https:\\\/\\\/southmiamifamilydental.com\\\/wp-content\\\/uploads\\\/2023\\\/07\\\/logo.png\",\"contentUrl\":\"https:\\\/\\\/southmiamifamilydental.com\\\/wp-content\\\/uploads\\\/2023\\\/07\\\/logo.png\",\"width\":180,\"height\":75,\"caption\":\"South Miami Family Dental\"},\"image\":{\"@id\":\"https:\\\/\\\/southmiamifamilydental.com\\\/es\\\/#\\\/schema\\\/logo\\\/image\\\/\"},\"sameAs\":[\"https:\\\/\\\/www.facebook.com\\\/AlvaroOrdonezDds\\\/\",\"https:\\\/\\\/x.com\\\/DrOrdonezDDS\",\"https:\\\/\\\/www.instagram.com\\\/dralvaroordonezdds\\\/\",\"https:\\\/\\\/www.linkedin.com\\\/in\\\/alvaro-ordonez\\\/\"]}]}<\/script>\n<!-- \/ Yoast SEO plugin. -->","yoast_head_json":{"title":"Nuestro equipo - South Miami Family Dental","description":"Conoce a nuestro equipo humano, amigable y comprensivo. Entrenamiento excepcional para brindar atenci\u00f3n m\u00e1s all\u00e1 de lo com\u00fan. Juntos, mejoramos vidas.","robots":{"index":"index","follow":"follow","max-snippet":"max-snippet:-1","max-image-preview":"max-image-preview:large","max-video-preview":"max-video-preview:-1"},"canonical":"https:\/\/southmiamifamilydental.com\/es\/nuestro-equipo\/","og_locale":"es_ES","og_type":"article","og_title":"Nuestro equipo - South Miami Family Dental","og_description":"Conoce a nuestro equipo humano, amigable y comprensivo. Entrenamiento excepcional para brindar atenci\u00f3n m\u00e1s all\u00e1 de lo com\u00fan. Juntos, mejoramos vidas.","og_url":"https:\/\/southmiamifamilydental.com\/es\/nuestro-equipo\/","og_site_name":"South Miami Family Dental","article_publisher":"https:\/\/www.facebook.com\/AlvaroOrdonezDds\/","article_modified_time":"2024-02-19T15:24:37+00:00","og_image":[{"url":"https:\/\/southmiamifamilydental.com\/wp-content\/uploads\/2023\/10\/staff.jpg","type":"","width":"","height":""}],"twitter_card":"summary_large_image","twitter_site":"@DrOrdonezDDS","twitter_misc":{"Tiempo de lectura":"2 minutos"},"schema":{"@context":"https:\/\/schema.org","@graph":[{"@type":"WebPage","@id":"https:\/\/southmiamifamilydental.com\/es\/nuestro-equipo\/","url":"https:\/\/southmiamifamilydental.com\/es\/nuestro-equipo\/","name":"Nuestro equipo - South Miami Family Dental","isPartOf":{"@id":"https:\/\/southmiamifamilydental.com\/es\/#website"},"primaryImageOfPage":{"@id":"https:\/\/southmiamifamilydental.com\/es\/nuestro-equipo\/#primaryimage"},"image":{"@id":"https:\/\/southmiamifamilydental.com\/es\/nuestro-equipo\/#primaryimage"},"thumbnailUrl":"https:\/\/southmiamifamilydental.com\/wp-content\/uploads\/2023\/10\/staff.jpg","datePublished":"2023-10-26T15:02:02+00:00","dateModified":"2024-02-19T15:24:37+00:00","description":"Conoce a nuestro equipo humano, amigable y comprensivo. Entrenamiento excepcional para brindar atenci\u00f3n m\u00e1s all\u00e1 de lo com\u00fan. Juntos, mejoramos vidas.","breadcrumb":{"@id":"https:\/\/southmiamifamilydental.com\/es\/nuestro-equipo\/#breadcrumb"},"inLanguage":"es","potentialAction":[{"@type":"ReadAction","target":["https:\/\/southmiamifamilydental.com\/es\/nuestro-equipo\/"]}]},{"@type":"ImageObject","inLanguage":"es","@id":"https:\/\/southmiamifamilydental.com\/es\/nuestro-equipo\/#primaryimage","url":"https:\/\/southmiamifamilydental.com\/wp-content\/uploads\/2023\/10\/staff.jpg","contentUrl":"https:\/\/southmiamifamilydental.com\/wp-content\/uploads\/2023\/10\/staff.jpg"},{"@type":"BreadcrumbList","@id":"https:\/\/southmiamifamilydental.com\/es\/nuestro-equipo\/#breadcrumb","itemListElement":[{"@type":"ListItem","position":1,"name":"Home","item":"https:\/\/southmiamifamilydental.com\/es\/"},{"@type":"ListItem","position":2,"name":"Nuestro equipo"}]},{"@type":"WebSite","@id":"https:\/\/southmiamifamilydental.com\/es\/#website","url":"https:\/\/southmiamifamilydental.com\/es\/","name":"South Miami Family Dental","description":"Dentist in Miami","publisher":{"@id":"https:\/\/southmiamifamilydental.com\/es\/#organization"},"potentialAction":[{"@type":"SearchAction","target":{"@type":"EntryPoint","urlTemplate":"https:\/\/southmiamifamilydental.com\/es\/?s={search_term_string}"},"query-input":{"@type":"PropertyValueSpecification","valueRequired":true,"valueName":"search_term_string"}}],"inLanguage":"es"},{"@type":"Organization","@id":"https:\/\/southmiamifamilydental.com\/es\/#organization","name":"South Miami Family Dental","url":"https:\/\/southmiamifamilydental.com\/es\/","logo":{"@type":"ImageObject","inLanguage":"es","@id":"https:\/\/southmiamifamilydental.com\/es\/#\/schema\/logo\/image\/","url":"https:\/\/southmiamifamilydental.com\/wp-content\/uploads\/2023\/07\/logo.png","contentUrl":"https:\/\/southmiamifamilydental.com\/wp-content\/uploads\/2023\/07\/logo.png","width":180,"height":75,"caption":"South Miami Family Dental"},"image":{"@id":"https:\/\/southmiamifamilydental.com\/es\/#\/schema\/logo\/image\/"},"sameAs":["https:\/\/www.facebook.com\/AlvaroOrdonezDds\/","https:\/\/x.com\/DrOrdonezDDS","https:\/\/www.instagram.com\/dralvaroordonezdds\/","https:\/\/www.linkedin.com\/in\/alvaro-ordonez\/"]}]}},"jetpack_sharing_enabled":true,"_links":{"self":[{"href":"https:\/\/southmiamifamilydental.com\/es\/wp-json\/wp\/v2\/pages\/5128","targetHints":{"allow":["GET"]}}],"collection":[{"href":"https:\/\/southmiamifamilydental.com\/es\/wp-json\/wp\/v2\/pages"}],"about":[{"href":"https:\/\/southmiamifamilydental.com\/es\/wp-json\/wp\/v2\/types\/page"}],"author":[{"embeddable":true,"href":"https:\/\/southmiamifamilydental.com\/es\/wp-json\/wp\/v2\/users\/1"}],"replies":[{"embeddable":true,"href":"https:\/\/southmiamifamilydental.com\/es\/wp-json\/wp\/v2\/comments?post=5128"}],"version-history":[{"count":5,"href":"https:\/\/southmiamifamilydental.com\/es\/wp-json\/wp\/v2\/pages\/5128\/revisions"}],"predecessor-version":[{"id":5691,"href":"https:\/\/southmiamifamilydental.com\/es\/wp-json\/wp\/v2\/pages\/5128\/revisions\/5691"}],"wp:attachment":[{"href":"https:\/\/southmiamifamilydental.com\/es\/wp-json\/wp\/v2\/media?parent=5128"}],"curies":[{"name":"wp","href":"https:\/\/api.w.org\/{rel}","templated":true}]}}